{"id":252,"date":"2019-04-25T08:27:01","date_gmt":"2019-04-25T08:27:01","guid":{"rendered":"https:\/\/themepalacedemo.com\/myself\/?page_id=252"},"modified":"2022-05-09T11:23:59","modified_gmt":"2022-05-09T11:23:59","slug":"timeline","status":"publish","type":"page","link":"https:\/\/lbormir.webs.upv.es\/index.php\/timeline\/","title":{"rendered":"Hello, this is the timeline of my achievements"},"content":{"rendered":"\n<div class=\"wp-block-columns alignfull is-layout-flex wp-container-core-columns-is-layout-9d6595d7 wp-block-columns-is-layout-flex\">\n<div class=\"wp-block-column is-layout-flow wp-block-column-is-layout-flow\">\n<div class=\"container-wrapper-genially\" style=\"position: relative; min-height: 400px; max-width: 100%;\"><video class=\"loader-genially\" autoplay=\"autoplay\" loop=\"loop\" playsinline=\"playsInline\" muted=\"muted\" style=\"position: absolute;top: 45%;left: 50%;transform: translate(-50%, -50%);width: 80px;height: 80px;margin-bottom: 10%\"><source src=\"https:\/\/static.genial.ly\/resources\/panel-loader-low.mp4\" type=\"video\/mp4\">Your browser does not support the video tag.<\/video><div id=\"5d65410a5e15e10f8e8c2cbf\" class=\"genially-embed\" style=\"margin: 0px auto; position: relative; height: auto; width: 100%;\"><\/div><\/div><script>(function (d) { var js, id = \"genially-embed-js\", ref = d.getElementsByTagName(\"script\")[0]; if (d.getElementById(id)) { return; } js = d.createElement(\"script\"); js.id = id; js.async = true; js.src = \"https:\/\/view.genial.ly\/static\/embed\/embed.js\"; ref.parentNode.insertBefore(js, ref); }(document));<\/script>\n<\/div>\n<\/div>\n\n\n\n<div class=\"wp-block-columns is-layout-flex wp-container-core-columns-is-layout-9d6595d7 wp-block-columns-is-layout-flex\">\n<div class=\"wp-block-column is-layout-flow wp-block-column-is-layout-flow\">\n<h2 class=\"wp-block-heading\" id=\"education-and-training\">Education and Training<\/h2>\n\n\n\n<ul class=\"wp-block-list\"><li>2021-present: <strong>EXUPU &#8220;Experto Universitario en Pedagog\u00eda Universitaria&#8221;<\/strong>, Universitat Polit\u00e8cnica de Valencia.<\/li><li>2019: <strong>PhD Defense<\/strong>: Developing, Applying and Testing FILMIP: the Filmic Metaphor Identification Procedure.<\/li><li>2016: \u201c<strong>Dyslexia and Foreign Language Teaching<\/strong>\u201d, Lancaster University<\/li><li>2015: \u201c<strong>Methods for statistical inference\u201d,&nbsp;<\/strong>Universitat Jaume I<\/li><li>2015: Summer School \u201c<strong>Methods for Metaphor Identification and Analysis<\/strong>\u201d, organized by the Metaphor Lab, UVA (<strong>Amsterdam<\/strong>)<\/li><li>2014: \u201c<strong>How to Read a Mind\u201d (Cognitive Poetics<\/strong>). University of Nottingham<\/li><li>2009: <strong>CAP<\/strong>, Certificate of Pedagogical Aptitude, 2009, Universitat Jaume I, Castell\u00f3n, Spain.<\/li><li>1998-2003: <strong>Bachelor\u2019s Degree on English Studies<\/strong>, 1998-2003, Universitat Jaume I, Castell\u00f3n, Spain.<\/li><\/ul>\n\n\n\n<h2 class=\"wp-block-heading\" id=\"abroad-stays\">Abroad Stays<\/h2>\n\n\n\n<ul class=\"wp-block-list\"><li>3-months PhD Research Stay at the Metaphor Geeks Lab, embedded within the International Center for Intercultural Exchange, Siena, under the supervision of Dr. Marianna Bolognesi, 2017.<\/li><li>International Student Exchange Program between UJI and Shawnee State University, Ohio, USA, 2003.<\/li><\/ul>\n\n\n\n<h2 class=\"wp-block-heading\" id=\"prizes\">Prizes<\/h2>\n\n\n\n<ul class=\"wp-block-list\"><li><strong>2ND PRIZE WINNER&nbsp;<\/strong>of the International Research Pitch Contest, 2017, organized by theCompostela Group of Universities.<\/li><li><strong>2ND PRIZE WINNER o<\/strong>f Universitat Jaume I Research Pitch Contest 2016.<\/li><li><strong>1ST PRIZE WINNER of&nbsp;<\/strong>XII Innovation and Creativity in Education, INCREA, UJI, 2015. Winning project:&nbsp;<a href=\"http:\/\/www.braintolearn.uji.es\/\">http:\/\/www.braintolearn.uji.es<\/a><\/li><\/ul>\n\n\n\n<h2 class=\"wp-block-heading\" id=\"conference-presentations\">Conference presentations<\/h2>\n\n\n\n<ul class=\"wp-block-list\"><li>Bort-Mir, Lorena (2021).&nbsp;<em><strong>Longhand over laptop use of the Guided Learning Diary (GLD): A definitive guide to the design of learning diaries to foster academic success<\/strong><\/em>. EN&nbsp;<em><strong>15th International Technology, Education and Development Conference (INTED 2021)<\/strong><\/em>. Online: IATED.<\/li><li>Bort-Mir, Lorena (2020).&nbsp;<em><strong>Workshop: Identifying metaphorical elements in films with FILMIP: the Filmic Metaphor Identification Procedure<\/strong><\/em>. EN&nbsp;<em><strong>13th Conference of the Association for Researching and Applying Metaphor (RaAM 2020)<\/strong><\/em>. Online.<\/li><li>Bort-Mir, Lorena (2019).&nbsp;<em><strong>Using Penzu as academic online diaries to enhance metacognitive skills in Higher Education<\/strong><\/em>. EN&nbsp;<em><strong>iTECLA international conference on Intercultural Learning in the Digital Age: Building up Telecollaborative Networks<\/strong><\/em>. Valencia, Espa\u00f1a.<\/li><li>Lorena Bort-Mir and Marianna Bolognesi.&nbsp;<em>Understanding the mental operations during filmic metaphor processing: a think aloud experiment.<\/em>&nbsp;Metaphor Festival, University of Amsterdam, 2018.<\/li><li>Lorena Bort-Mir.&nbsp;<em>Introducing FILMIP: a method for metaphor identification in moving pictures<\/em>. Metaphor Festival, University of Amsterdam, 2017.<\/li><li><strong>Workshop by invitation<\/strong>: Applying FILMIP: the filmic metaphor identification procedure. UVA, Amsterdam, 2017.<\/li><li>Lorena Bort-Mir.&nbsp;<em>Desarrollando la Herramienta DAG: Diario de Aprendizaje Guiado para Promover y Evaluar los Procesos Metacognitivos de los Estudiantes en la Educaci\u00f3n Superior<\/em>. Congreso virtual ATIDES, Avances en Tecnolog\u00eda, Innovaci\u00f3n y Desaf\u00edos de la Educaci\u00f3n Superior, Oct. 2016, UJI.&nbsp;<strong>International.<\/strong><\/li><\/ul>\n\n\n\n<ul class=\"wp-block-list\"><li>Lorena Bort-Mir.&nbsp;<em>A method for filmic metaphors identification in TV commercials.<\/em>&nbsp;IV International Conference on Metaphor and Discourse. Castell\u00f3n (UJI).&nbsp;<strong>International<\/strong>. 2015.<\/li><li><strong>Keynote speake<\/strong>r (by invitation). Lorena Bort-Mir.&nbsp;<em>Adult Brain: Game of Metaphors to Undestand the Internet<\/em>, 4th International Conference on Elderly and New Technologies, Universitat Jaume I, International, 2015.<\/li><li>Lorena Bort-Mir.&nbsp;<em>ConverStand: new software for enhancing task and domain specific metacognitive skills for a better knowledge acquisition in Higher Education<\/em>. XXXIII Congreso Internacional de AESLA.&nbsp;<strong>International<\/strong>. Madrid, 2015<\/li><li>Lorena Bort-Mir.&nbsp;<em>Much Ado About Nothing? ICT: Revitalizing Literature Teaching and Learning in Higher Education<\/em>. XIX Jornadas de Fomento de la Investigaci\u00f3n de la Facultad de Ciencias Humanas y Sociales. Castell\u00f3n (UJI), 2014<\/li><li>Lorena Bort-Mir.&nbsp;<em>Romeo and Juliet. Luhrman vs. Zeffirelli: A Contrastive Analysis of both films<\/em>. Jornadas de Fomento a la Investigaci\u00f3n de Filolog\u00eda Inglesa. Castell\u00f3n (UJI), 2006.<\/li><\/ul>\n\n\n\n<h2 class=\"wp-block-heading\" id=\"member-of\">Member of&#8230;<\/h2>\n\n\n\n<ul class=\"wp-block-list\"><li>2021- present: Member of the GALE research group, Applied Linguistics Department, Universitat Polit\u00e8cnica de Val\u00e8ncia.<\/li><li>Elected Ordinary member of the Executive Committee at the Researching and Applying Metaphor Association (UK).<\/li><li><strong>2015-2021<\/strong>: Member of the research group GReSCA: Research Group on Contrastive and Applied Linguistics, Universitat Jaume I, Castell\u00f3n, Spain. www.gresca.uji.es<\/li><\/ul>\n\n\n\n<h2 class=\"wp-block-heading\" id=\"teaching-experience-in-higher-education\">Teaching experience in Higher Education<\/h2>\n\n\n\n<ul class=\"wp-block-list\"><li>Invited professor at the English for International Trade Master, Universitat Jaume I, Castell\u00f3n.<\/li><li>Full Time PhD Associate Professor at the Department of Applied Linguistics, UPV, ETSINF, 2021-present.<\/li><li><strong>Workshop by invitation<\/strong>: Applying FilMip, the filmic metaphor identification procedure. During the Metaphor Festival, University of Amsterdam, August 2017.<\/li><li>Part-Time <strong>Associate Lecturer&nbsp;<\/strong>at the English Studies Department, 2015-2021, Universitat Jaume I,Castell\u00f3n, Espa\u00f1a.<\/li><li><strong>Seminar by invitation&nbsp;<\/strong>\u201cLa familia, los menores y las nuevas tecnolog\u00edas, \u00bfc\u00f3mo convivir?\u201d. 7horas, 2015. Universitat Jaume I, Castell\u00f3n, Spain.<\/li><li><strong>Seminar by invitation&nbsp;<\/strong>\u201cLas TIC en el aula: una nueva forma de ense\u00f1ar y aprender\u201d, 2011,Universitat Jaume I, Castell\u00f3n, Espa\u00f1a.<\/li><\/ul>\n<\/div>\n<\/div>\n","protected":false},"excerpt":{"rendered":"<p>Your browser does not support the video tag. Education and Training 2021-present: EXUPU &#8220;Experto Universitario en Pedagog\u00eda Universitaria&#8221;, Universitat Polit\u00e8cnica de Valencia. 2019: PhD Defense: Developing, Applying and Testing FILMIP: the Filmic Metaphor Identification Procedure. 2016: \u201cDyslexia and Foreign Language Teaching\u201d, Lancaster University 2015: \u201cMethods for statistical inference\u201d,&nbsp;Universitat Jaume I 2015: Summer School \u201cMethods for&hellip; <span><a href=\"https:\/\/lbormir.webs.upv.es\/index.php\/timeline\/\">( Read More )<\/a><\/span><\/p>\n","protected":false},"author":1,"featured_media":36,"parent":0,"menu_order":0,"comment_status":"closed","ping_status":"closed","template":"","meta":{"footnotes":""},"class_list":["post-252","page","type-page","status-publish","has-post-thumbnail","hentry"],"yoast_head":"<!-- This site is optimized with the Yoast SEO plugin v27.6 - https:\/\/yoast.com\/product\/yoast-seo-wordpress\/ -->\n<title>Hello, this is the timeline of my achievements - Dr. Lorena Bort Mir<\/title>\n<meta name=\"robots\" content=\"index, follow, max-snippet:-1, max-image-preview:large, max-video-preview:-1\" \/>\n<link rel=\"canonical\" href=\"https:\/\/lbormir.webs.upv.es\/index.php\/timeline\/\" \/>\n<meta property=\"og:locale\" content=\"en_US\" \/>\n<meta property=\"og:type\" content=\"article\" \/>\n<meta property=\"og:title\" content=\"Hello, this is the timeline of my achievements - Dr. Lorena Bort Mir\" \/>\n<meta property=\"og:description\" content=\"Your browser does not support the video tag. Education and Training 2021-present: EXUPU &#8220;Experto Universitario en Pedagog\u00eda Universitaria&#8221;, Universitat Polit\u00e8cnica de Valencia. 2019: PhD Defense: Developing, Applying and Testing FILMIP: the Filmic Metaphor Identification Procedure. 2016: \u201cDyslexia and Foreign Language Teaching\u201d, Lancaster University 2015: \u201cMethods for statistical inference\u201d,&nbsp;Universitat Jaume I 2015: Summer School \u201cMethods for&hellip; ( Read More )\" \/>\n<meta property=\"og:url\" content=\"https:\/\/lbormir.webs.upv.es\/index.php\/timeline\/\" \/>\n<meta property=\"og:site_name\" content=\"Dr. Lorena Bort Mir\" \/>\n<meta property=\"article:modified_time\" content=\"2022-05-09T11:23:59+00:00\" \/>\n<meta property=\"og:image\" content=\"https:\/\/lbormir.webs.upv.es\/wp-content\/uploads\/2019\/04\/laptop-notebook-computer-macbook-mac-work-758989-pxhere.com_.jpg\" \/>\n\t<meta property=\"og:image:width\" content=\"1024\" \/>\n\t<meta property=\"og:image:height\" content=\"680\" \/>\n\t<meta property=\"og:image:type\" content=\"image\/jpeg\" \/>\n<meta name=\"twitter:card\" content=\"summary_large_image\" \/>\n<meta name=\"twitter:label1\" content=\"Est. reading time\" \/>\n\t<meta name=\"twitter:data1\" content=\"4 minutes\" \/>\n<script type=\"application\/ld+json\" class=\"yoast-schema-graph\">{\"@context\":\"https:\\\/\\\/schema.org\",\"@graph\":[{\"@type\":\"WebPage\",\"@id\":\"https:\\\/\\\/lbormir.webs.upv.es\\\/index.php\\\/timeline\\\/\",\"url\":\"https:\\\/\\\/lbormir.webs.upv.es\\\/index.php\\\/timeline\\\/\",\"name\":\"Hello, this is the timeline of my achievements - Dr. Lorena Bort Mir\",\"isPartOf\":{\"@id\":\"https:\\\/\\\/lbormir.webs.upv.es\\\/#website\"},\"primaryImageOfPage\":{\"@id\":\"https:\\\/\\\/lbormir.webs.upv.es\\\/index.php\\\/timeline\\\/#primaryimage\"},\"image\":{\"@id\":\"https:\\\/\\\/lbormir.webs.upv.es\\\/index.php\\\/timeline\\\/#primaryimage\"},\"thumbnailUrl\":\"https:\\\/\\\/lbormir.webs.upv.es\\\/wp-content\\\/uploads\\\/2019\\\/04\\\/laptop-notebook-computer-macbook-mac-work-758989-pxhere.com_.jpg\",\"datePublished\":\"2019-04-25T08:27:01+00:00\",\"dateModified\":\"2022-05-09T11:23:59+00:00\",\"breadcrumb\":{\"@id\":\"https:\\\/\\\/lbormir.webs.upv.es\\\/index.php\\\/timeline\\\/#breadcrumb\"},\"inLanguage\":\"en-US\",\"potentialAction\":[{\"@type\":\"ReadAction\",\"target\":[\"https:\\\/\\\/lbormir.webs.upv.es\\\/index.php\\\/timeline\\\/\"]}]},{\"@type\":\"ImageObject\",\"inLanguage\":\"en-US\",\"@id\":\"https:\\\/\\\/lbormir.webs.upv.es\\\/index.php\\\/timeline\\\/#primaryimage\",\"url\":\"https:\\\/\\\/lbormir.webs.upv.es\\\/wp-content\\\/uploads\\\/2019\\\/04\\\/laptop-notebook-computer-macbook-mac-work-758989-pxhere.com_.jpg\",\"contentUrl\":\"https:\\\/\\\/lbormir.webs.upv.es\\\/wp-content\\\/uploads\\\/2019\\\/04\\\/laptop-notebook-computer-macbook-mac-work-758989-pxhere.com_.jpg\",\"width\":1024,\"height\":680,\"caption\":\"\"},{\"@type\":\"BreadcrumbList\",\"@id\":\"https:\\\/\\\/lbormir.webs.upv.es\\\/index.php\\\/timeline\\\/#breadcrumb\",\"itemListElement\":[{\"@type\":\"ListItem\",\"position\":1,\"name\":\"Home\",\"item\":\"https:\\\/\\\/lbormir.webs.upv.es\\\/\"},{\"@type\":\"ListItem\",\"position\":2,\"name\":\"Hello, this is the timeline of my achievements\"}]},{\"@type\":\"WebSite\",\"@id\":\"https:\\\/\\\/lbormir.webs.upv.es\\\/#website\",\"url\":\"https:\\\/\\\/lbormir.webs.upv.es\\\/\",\"name\":\"Dr. Lorena Bort Mir\",\"description\":\"Higher Educator and Researcher\",\"potentialAction\":[{\"@type\":\"SearchAction\",\"target\":{\"@type\":\"EntryPoint\",\"urlTemplate\":\"https:\\\/\\\/lbormir.webs.upv.es\\\/?s={search_term_string}\"},\"query-input\":{\"@type\":\"PropertyValueSpecification\",\"valueRequired\":true,\"valueName\":\"search_term_string\"}}],\"inLanguage\":\"en-US\"}]}<\/script>\n<!-- \/ Yoast SEO plugin. -->","yoast_head_json":{"title":"Hello, this is the timeline of my achievements - Dr. Lorena Bort Mir","robots":{"index":"index","follow":"follow","max-snippet":"max-snippet:-1","max-image-preview":"max-image-preview:large","max-video-preview":"max-video-preview:-1"},"canonical":"https:\/\/lbormir.webs.upv.es\/index.php\/timeline\/","og_locale":"en_US","og_type":"article","og_title":"Hello, this is the timeline of my achievements - Dr. Lorena Bort Mir","og_description":"Your browser does not support the video tag. Education and Training 2021-present: EXUPU &#8220;Experto Universitario en Pedagog\u00eda Universitaria&#8221;, Universitat Polit\u00e8cnica de Valencia. 2019: PhD Defense: Developing, Applying and Testing FILMIP: the Filmic Metaphor Identification Procedure. 2016: \u201cDyslexia and Foreign Language Teaching\u201d, Lancaster University 2015: \u201cMethods for statistical inference\u201d,&nbsp;Universitat Jaume I 2015: Summer School \u201cMethods for&hellip; ( Read More )","og_url":"https:\/\/lbormir.webs.upv.es\/index.php\/timeline\/","og_site_name":"Dr. Lorena Bort Mir","article_modified_time":"2022-05-09T11:23:59+00:00","og_image":[{"width":1024,"height":680,"url":"https:\/\/lbormir.webs.upv.es\/wp-content\/uploads\/2019\/04\/laptop-notebook-computer-macbook-mac-work-758989-pxhere.com_.jpg","type":"image\/jpeg"}],"twitter_card":"summary_large_image","twitter_misc":{"Est. reading time":"4 minutes"},"schema":{"@context":"https:\/\/schema.org","@graph":[{"@type":"WebPage","@id":"https:\/\/lbormir.webs.upv.es\/index.php\/timeline\/","url":"https:\/\/lbormir.webs.upv.es\/index.php\/timeline\/","name":"Hello, this is the timeline of my achievements - Dr. Lorena Bort Mir","isPartOf":{"@id":"https:\/\/lbormir.webs.upv.es\/#website"},"primaryImageOfPage":{"@id":"https:\/\/lbormir.webs.upv.es\/index.php\/timeline\/#primaryimage"},"image":{"@id":"https:\/\/lbormir.webs.upv.es\/index.php\/timeline\/#primaryimage"},"thumbnailUrl":"https:\/\/lbormir.webs.upv.es\/wp-content\/uploads\/2019\/04\/laptop-notebook-computer-macbook-mac-work-758989-pxhere.com_.jpg","datePublished":"2019-04-25T08:27:01+00:00","dateModified":"2022-05-09T11:23:59+00:00","breadcrumb":{"@id":"https:\/\/lbormir.webs.upv.es\/index.php\/timeline\/#breadcrumb"},"inLanguage":"en-US","potentialAction":[{"@type":"ReadAction","target":["https:\/\/lbormir.webs.upv.es\/index.php\/timeline\/"]}]},{"@type":"ImageObject","inLanguage":"en-US","@id":"https:\/\/lbormir.webs.upv.es\/index.php\/timeline\/#primaryimage","url":"https:\/\/lbormir.webs.upv.es\/wp-content\/uploads\/2019\/04\/laptop-notebook-computer-macbook-mac-work-758989-pxhere.com_.jpg","contentUrl":"https:\/\/lbormir.webs.upv.es\/wp-content\/uploads\/2019\/04\/laptop-notebook-computer-macbook-mac-work-758989-pxhere.com_.jpg","width":1024,"height":680,"caption":""},{"@type":"BreadcrumbList","@id":"https:\/\/lbormir.webs.upv.es\/index.php\/timeline\/#breadcrumb","itemListElement":[{"@type":"ListItem","position":1,"name":"Home","item":"https:\/\/lbormir.webs.upv.es\/"},{"@type":"ListItem","position":2,"name":"Hello, this is the timeline of my achievements"}]},{"@type":"WebSite","@id":"https:\/\/lbormir.webs.upv.es\/#website","url":"https:\/\/lbormir.webs.upv.es\/","name":"Dr. Lorena Bort Mir","description":"Higher Educator and Researcher","potentialAction":[{"@type":"SearchAction","target":{"@type":"EntryPoint","urlTemplate":"https:\/\/lbormir.webs.upv.es\/?s={search_term_string}"},"query-input":{"@type":"PropertyValueSpecification","valueRequired":true,"valueName":"search_term_string"}}],"inLanguage":"en-US"}]}},"_links":{"self":[{"href":"https:\/\/lbormir.webs.upv.es\/index.php\/wp-json\/wp\/v2\/pages\/252","targetHints":{"allow":["GET"]}}],"collection":[{"href":"https:\/\/lbormir.webs.upv.es\/index.php\/wp-json\/wp\/v2\/pages"}],"about":[{"href":"https:\/\/lbormir.webs.upv.es\/index.php\/wp-json\/wp\/v2\/types\/page"}],"author":[{"embeddable":true,"href":"https:\/\/lbormir.webs.upv.es\/index.php\/wp-json\/wp\/v2\/users\/1"}],"replies":[{"embeddable":true,"href":"https:\/\/lbormir.webs.upv.es\/index.php\/wp-json\/wp\/v2\/comments?post=252"}],"version-history":[{"count":9,"href":"https:\/\/lbormir.webs.upv.es\/index.php\/wp-json\/wp\/v2\/pages\/252\/revisions"}],"predecessor-version":[{"id":2769,"href":"https:\/\/lbormir.webs.upv.es\/index.php\/wp-json\/wp\/v2\/pages\/252\/revisions\/2769"}],"wp:featuredmedia":[{"embeddable":true,"href":"https:\/\/lbormir.webs.upv.es\/index.php\/wp-json\/wp\/v2\/media\/36"}],"wp:attachment":[{"href":"https:\/\/lbormir.webs.upv.es\/index.php\/wp-json\/wp\/v2\/media?parent=252"}],"curies":[{"name":"wp","href":"https:\/\/api.w.org\/{rel}","templated":true}]}}